{"id":29,"date":"2023-09-21T07:32:07","date_gmt":"2023-09-21T07:32:07","guid":{"rendered":"https:\/\/staging.inteus.es\/?page_id=29"},"modified":"2023-09-23T11:07:52","modified_gmt":"2023-09-23T11:07:52","slug":"servicios-de-consultoria","status":"publish","type":"page","link":"https:\/\/staging.inteus.es\/?page_id=29","title":{"rendered":"Servicios de consultor\u00eda"},"content":{"rendered":"\t\t<div data-elementor-type=\"wp-page\" data-elementor-id=\"29\" class=\"elementor elementor-29\">\n\t\t\t\t\t\t\t<div class=\"elementor-element elementor-element-8a63ee0 e-flex e-con-boxed e-con e-parent\" data-id=\"8a63ee0\" data-element_type=\"container\" data-settings=\"{&quot;background_background&quot;:&quot;classic&quot;,&quot;content_width&quot;:&quot;boxed&quot;}\" data-core-v316-plus=\"true\">\n\t\t\t\t\t<div class=\"e-con-inner\">\n\t\t\t\t<div class=\"elementor-element elementor-element-7c00a9b elementor-widget elementor-widget-spacer\" data-id=\"7c00a9b\" data-element_type=\"widget\" data-widget_type=\"spacer.default\">\n\t\t\t\t<div class=\"elementor-widget-container\">\n\t\t\t<style>\/*! elementor - v3.16.0 - 20-09-2023 *\/\n.elementor-column .elementor-spacer-inner{height:var(--spacer-size)}.e-con{--container-widget-width:100%}.e-con-inner>.elementor-widget-spacer,.e-con>.elementor-widget-spacer{width:var(--container-widget-width,var(--spacer-size));--align-self:var(--container-widget-align-self,initial);--flex-shrink:0}.e-con-inner>.elementor-widget-spacer>.elementor-widget-container,.e-con>.elementor-widget-spacer>.elementor-widget-container{height:100%;width:100%}.e-con-inner>.elementor-widget-spacer>.elementor-widget-container>.elementor-spacer,.e-con>.elementor-widget-spacer>.elementor-widget-container>.elementor-spacer{height:100%}.e-con-inner>.elementor-widget-spacer>.elementor-widget-container>.elementor-spacer>.elementor-spacer-inner,.e-con>.elementor-widget-spacer>.elementor-widget-container>.elementor-spacer>.elementor-spacer-inner{height:var(--container-widget-height,var(--spacer-size))}.e-con-inner>.elementor-widget-spacer.elementor-widget-empty,.e-con>.elementor-widget-spacer.elementor-widget-empty{position:relative;min-height:22px;min-width:22px}.e-con-inner>.elementor-widget-spacer.elementor-widget-empty .elementor-widget-empty-icon,.e-con>.elementor-widget-spacer.elementor-widget-empty .elementor-widget-empty-icon{position:absolute;top:0;bottom:0;left:0;right:0;margin:auto;padding:0;width:22px;height:22px}<\/style>\t\t<div class=\"elementor-spacer\">\n\t\t\t<div class=\"elementor-spacer-inner\"><\/div>\n\t\t<\/div>\n\t\t\t\t<\/div>\n\t\t\t\t<\/div>\n\t\t\t\t<div class=\"elementor-element elementor-element-fb0c101 elementor-widget elementor-widget-text-editor\" data-id=\"fb0c101\" data-element_type=\"widget\" data-widget_type=\"text-editor.default\">\n\t\t\t\t<div class=\"elementor-widget-container\">\n\t\t\t<style>\/*! elementor - v3.16.0 - 20-09-2023 *\/\n.elementor-widget-text-editor.elementor-drop-cap-view-stacked .elementor-drop-cap{background-color:#69727d;color:#fff}.elementor-widget-text-editor.elementor-drop-cap-view-framed .elementor-drop-cap{color:#69727d;border:3px solid;background-color:transparent}.elementor-widget-text-editor:not(.elementor-drop-cap-view-default) .elementor-drop-cap{margin-top:8px}.elementor-widget-text-editor:not(.elementor-drop-cap-view-default) .elementor-drop-cap-letter{width:1em;height:1em}.elementor-widget-text-editor .elementor-drop-cap{float:left;text-align:center;line-height:1;font-size:50px}.elementor-widget-text-editor .elementor-drop-cap-letter{display:inline-block}<\/style>\t\t\t\t<p>Servicios de Consultor\u00eda<\/p>\t\t\t\t\t\t<\/div>\n\t\t\t\t<\/div>\n\t\t\t\t<div class=\"elementor-element elementor-element-2581614 elementor-widget elementor-widget-text-editor\" data-id=\"2581614\" data-element_type=\"widget\" data-widget_type=\"text-editor.default\">\n\t\t\t\t<div class=\"elementor-widget-container\">\n\t\t\t\t\t\t\t<p>Te ense\u00f1amos a manejar Inteus para que le saques todo el partido<\/p>\t\t\t\t\t\t<\/div>\n\t\t\t\t<\/div>\n\t\t\t\t<div class=\"elementor-element elementor-element-28dfc1e elementor-widget elementor-widget-spacer\" data-id=\"28dfc1e\" data-element_type=\"widget\" data-widget_type=\"spacer.default\">\n\t\t\t\t<div class=\"elementor-widget-container\">\n\t\t\t\t\t<div class=\"elementor-spacer\">\n\t\t\t<div class=\"elementor-spacer-inner\"><\/div>\n\t\t<\/div>\n\t\t\t\t<\/div>\n\t\t\t\t<\/div>\n\t\t\t\t\t<\/div>\n\t\t\t\t<\/div>\n\t\t<div class=\"elementor-element elementor-element-5c4f4fb e-flex e-con-boxed e-con e-parent\" data-id=\"5c4f4fb\" data-element_type=\"container\" data-settings=\"{&quot;content_width&quot;:&quot;boxed&quot;}\" data-core-v316-plus=\"true\">\n\t\t\t\t\t<div class=\"e-con-inner\">\n\t\t\t\t<div class=\"elementor-element elementor-element-4801c2d elementor-widget elementor-widget-spacer\" data-id=\"4801c2d\" data-element_type=\"widget\" data-widget_type=\"spacer.default\">\n\t\t\t\t<div class=\"elementor-widget-container\">\n\t\t\t\t\t<div class=\"elementor-spacer\">\n\t\t\t<div class=\"elementor-spacer-inner\"><\/div>\n\t\t<\/div>\n\t\t\t\t<\/div>\n\t\t\t\t<\/div>\n\t\t\t\t\t<\/div>\n\t\t\t\t<\/div>\n\t\t<div class=\"elementor-element elementor-element-c75c9bf e-flex e-con-boxed e-con e-parent\" data-id=\"c75c9bf\" data-element_type=\"container\" data-settings=\"{&quot;content_width&quot;:&quot;boxed&quot;}\" data-core-v316-plus=\"true\">\n\t\t\t\t\t<div class=\"e-con-inner\">\n\t\t<div class=\"elementor-element elementor-element-5c3b96a e-con-full e-flex e-con e-child\" data-id=\"5c3b96a\" data-element_type=\"container\" data-settings=\"{&quot;content_width&quot;:&quot;full&quot;}\">\n\t\t\t\t<div class=\"elementor-element elementor-element-0749873 elementor-widget elementor-widget-image\" data-id=\"0749873\" data-element_type=\"widget\" data-widget_type=\"image.default\">\n\t\t\t\t<div class=\"elementor-widget-container\">\n\t\t\t<style>\/*! elementor - v3.16.0 - 20-09-2023 *\/\n.elementor-widget-image{text-align:center}.elementor-widget-image a{display:inline-block}.elementor-widget-image a img[src$=\".svg\"]{width:48px}.elementor-widget-image img{vertical-align:middle;display:inline-block}<\/style>\t\t\t\t\t\t\t\t\t\t\t\t<img decoding=\"async\" loading=\"lazy\" width=\"512\" height=\"512\" src=\"https:\/\/staging.inteus.es\/wp-content\/uploads\/2023\/09\/consultante.png\" class=\"attachment-large size-large wp-image-337\" alt=\"\" srcset=\"https:\/\/staging.inteus.es\/wp-content\/uploads\/2023\/09\/consultante.png 512w, https:\/\/staging.inteus.es\/wp-content\/uploads\/2023\/09\/consultante-300x300.png 300w, https:\/\/staging.inteus.es\/wp-content\/uploads\/2023\/09\/consultante-150x150.png 150w\" sizes=\"(max-width: 512px) 100vw, 512px\" \/>\t\t\t\t\t\t\t\t\t\t\t\t\t\t\t<\/div>\n\t\t\t\t<\/div>\n\t\t\t\t<\/div>\n\t\t<div class=\"elementor-element elementor-element-1cb8568 e-con-full e-flex e-con e-child\" data-id=\"1cb8568\" data-element_type=\"container\" data-settings=\"{&quot;content_width&quot;:&quot;full&quot;}\">\n\t\t\t\t<div class=\"elementor-element elementor-element-e33169f elementor-widget elementor-widget-text-editor\" data-id=\"e33169f\" data-element_type=\"widget\" data-widget_type=\"text-editor.default\">\n\t\t\t\t<div class=\"elementor-widget-container\">\n\t\t\t\t\t\t\t<p>Aunque no se precisan conocimientos t\u00e9cnicos, para configurar inteus conforme a las necesidades de tu organizaci\u00f3n es necesario adquirir unos conocimientos b\u00e1sicos de la aplicaci\u00f3n que te permitan entender c\u00f3mo funciona, c\u00f3mo se configura y qu\u00e9 opciones ofrece.<\/p><p>Para garantizar el m\u00e1ximo aprovechamiento de todas las funcionalidades que incorpora inteus, ofrecemos cursos b\u00e1sicos gratuitos de formaci\u00f3n de formadores.<\/p>\t\t\t\t\t\t<\/div>\n\t\t\t\t<\/div>\n\t\t\t\t<\/div>\n\t\t\t\t\t<\/div>\n\t\t\t\t<\/div>\n\t\t<div class=\"elementor-element elementor-element-767d9be e-flex e-con-boxed e-con e-parent\" data-id=\"767d9be\" data-element_type=\"container\" data-settings=\"{&quot;content_width&quot;:&quot;boxed&quot;}\" data-core-v316-plus=\"true\">\n\t\t\t\t\t<div class=\"e-con-inner\">\n\t\t\t\t<div class=\"elementor-element elementor-element-783dfc7 elementor-widget elementor-widget-spacer\" data-id=\"783dfc7\" data-element_type=\"widget\" data-widget_type=\"spacer.default\">\n\t\t\t\t<div class=\"elementor-widget-container\">\n\t\t\t\t\t<div class=\"elementor-spacer\">\n\t\t\t<div class=\"elementor-spacer-inner\"><\/div>\n\t\t<\/div>\n\t\t\t\t<\/div>\n\t\t\t\t<\/div>\n\t\t\t\t\t<\/div>\n\t\t\t\t<\/div>\n\t\t\t\t\t\t\t<\/div>\n\t\t","protected":false},"excerpt":{"rendered":"<p>Servicios de Consultor\u00eda Te ense\u00f1amos a manejar Inteus para que le saques todo el partido Aunque no se precisan conocimientos t\u00e9cnicos, para configurar inteus conforme a las necesidades de tu organizaci\u00f3n es necesario adquirir unos conocimientos b\u00e1sicos de la aplicaci\u00f3n que te permitan entender c\u00f3mo funciona, c\u00f3mo se configura y qu\u00e9 opciones ofrece. Para garantizar &hellip;<\/p>\n<p class=\"read-more\"> <a class=\"\" href=\"https:\/\/staging.inteus.es\/?page_id=29\"> <span class=\"screen-reader-text\">Servicios de consultor\u00eda<\/span> Leer m\u00e1s &raquo;<\/a><\/p>\n","protected":false},"author":1,"featured_media":0,"parent":0,"menu_order":0,"comment_status":"closed","ping_status":"closed","template":"","meta":{"site-sidebar-layout":"no-sidebar","site-content-layout":"","ast-site-content-layout":"full-width-container","site-content-style":"default","site-sidebar-style":"default","ast-global-header-display":"","ast-banner-title-visibility":"","ast-main-header-display":"","ast-hfb-above-header-display":"","ast-hfb-below-header-display":"","ast-hfb-mobile-header-display":"","site-post-title":"disabled","ast-breadcrumbs-content":"","ast-featured-img":"disabled","footer-sml-layout":"","theme-transparent-header-meta":"","adv-header-id-meta":"","stick-header-meta":"","header-above-stick-meta":"","header-main-stick-meta":"","header-below-stick-meta":"","astra-migrate-meta-layouts":"","footnotes":""},"yoast_head":"<!-- This site is optimized with the Yoast SEO plugin v21.2 - https:\/\/yoast.com\/wordpress\/plugins\/seo\/ -->\n<title>Servicios de consultor\u00eda - Inteus<\/title>\n<meta name=\"robots\" content=\"noindex, follow, max-snippet:-1, max-image-preview:large, max-video-preview:-1\" \/>\n<meta property=\"og:locale\" content=\"es_ES\" \/>\n<meta property=\"og:type\" content=\"article\" \/>\n<meta property=\"og:title\" content=\"Servicios de consultor\u00eda - Inteus\" \/>\n<meta property=\"og:description\" content=\"Servicios de Consultor\u00eda Te ense\u00f1amos a manejar Inteus para que le saques todo el partido Aunque no se precisan conocimientos t\u00e9cnicos, para configurar inteus conforme a las necesidades de tu organizaci\u00f3n es necesario adquirir unos conocimientos b\u00e1sicos de la aplicaci\u00f3n que te permitan entender c\u00f3mo funciona, c\u00f3mo se configura y qu\u00e9 opciones ofrece. Para garantizar &hellip; Servicios de consultor\u00eda Leer m\u00e1s &raquo;\" \/>\n<meta property=\"og:url\" content=\"https:\/\/staging.inteus.es\/?page_id=29\" \/>\n<meta property=\"og:site_name\" content=\"Inteus\" \/>\n<meta property=\"article:modified_time\" content=\"2023-09-23T11:07:52+00:00\" \/>\n<meta property=\"og:image\" content=\"https:\/\/staging.inteus.es\/wp-content\/uploads\/2023\/09\/consultante.png\" \/>\n<meta name=\"twitter:card\" content=\"summary_large_image\" \/>\n<meta name=\"twitter:label1\" content=\"Tiempo de lectura\" \/>\n\t<meta name=\"twitter:data1\" content=\"1 minuto\" \/>\n<script type=\"application\/ld+json\" class=\"yoast-schema-graph\">{\"@context\":\"https:\/\/schema.org\",\"@graph\":[{\"@type\":\"WebPage\",\"@id\":\"https:\/\/staging.inteus.es\/?page_id=29\",\"url\":\"https:\/\/staging.inteus.es\/?page_id=29\",\"name\":\"Servicios de consultor\u00eda - Inteus\",\"isPartOf\":{\"@id\":\"https:\/\/staging.inteus.es\/#website\"},\"datePublished\":\"2023-09-21T07:32:07+00:00\",\"dateModified\":\"2023-09-23T11:07:52+00:00\",\"breadcrumb\":{\"@id\":\"https:\/\/staging.inteus.es\/?page_id=29#breadcrumb\"},\"inLanguage\":\"es\",\"potentialAction\":[{\"@type\":\"ReadAction\",\"target\":[\"https:\/\/staging.inteus.es\/?page_id=29\"]}]},{\"@type\":\"BreadcrumbList\",\"@id\":\"https:\/\/staging.inteus.es\/?page_id=29#breadcrumb\",\"itemListElement\":[{\"@type\":\"ListItem\",\"position\":1,\"name\":\"Portada\",\"item\":\"https:\/\/staging.inteus.es\/\"},{\"@type\":\"ListItem\",\"position\":2,\"name\":\"Servicios de consultor\u00eda\"}]},{\"@type\":\"WebSite\",\"@id\":\"https:\/\/staging.inteus.es\/#website\",\"url\":\"https:\/\/staging.inteus.es\/\",\"name\":\"Inteus\",\"description\":\"\",\"publisher\":{\"@id\":\"https:\/\/staging.inteus.es\/#organization\"},\"potentialAction\":[{\"@type\":\"SearchAction\",\"target\":{\"@type\":\"EntryPoint\",\"urlTemplate\":\"https:\/\/staging.inteus.es\/?s={search_term_string}\"},\"query-input\":\"required name=search_term_string\"}],\"inLanguage\":\"es\"},{\"@type\":\"Organization\",\"@id\":\"https:\/\/staging.inteus.es\/#organization\",\"name\":\"Inteus\",\"url\":\"https:\/\/staging.inteus.es\/\",\"logo\":{\"@type\":\"ImageObject\",\"inLanguage\":\"es\",\"@id\":\"https:\/\/staging.inteus.es\/#\/schema\/logo\/image\/\",\"url\":\"https:\/\/staging.inteus.es\/wp-content\/uploads\/2023\/09\/Inteus-new.png\",\"contentUrl\":\"https:\/\/staging.inteus.es\/wp-content\/uploads\/2023\/09\/Inteus-new.png\",\"width\":750,\"height\":253,\"caption\":\"Inteus\"},\"image\":{\"@id\":\"https:\/\/staging.inteus.es\/#\/schema\/logo\/image\/\"}}]}<\/script>\n<!-- \/ Yoast SEO plugin. -->","yoast_head_json":{"title":"Servicios de consultor\u00eda - Inteus","robots":{"index":"noindex","follow":"follow","max-snippet":"max-snippet:-1","max-image-preview":"max-image-preview:large","max-video-preview":"max-video-preview:-1"},"og_locale":"es_ES","og_type":"article","og_title":"Servicios de consultor\u00eda - Inteus","og_description":"Servicios de Consultor\u00eda Te ense\u00f1amos a manejar Inteus para que le saques todo el partido Aunque no se precisan conocimientos t\u00e9cnicos, para configurar inteus conforme a las necesidades de tu organizaci\u00f3n es necesario adquirir unos conocimientos b\u00e1sicos de la aplicaci\u00f3n que te permitan entender c\u00f3mo funciona, c\u00f3mo se configura y qu\u00e9 opciones ofrece. Para garantizar &hellip; Servicios de consultor\u00eda Leer m\u00e1s &raquo;","og_url":"https:\/\/staging.inteus.es\/?page_id=29","og_site_name":"Inteus","article_modified_time":"2023-09-23T11:07:52+00:00","og_image":[{"url":"https:\/\/staging.inteus.es\/wp-content\/uploads\/2023\/09\/consultante.png"}],"twitter_card":"summary_large_image","twitter_misc":{"Tiempo de lectura":"1 minuto"},"schema":{"@context":"https:\/\/schema.org","@graph":[{"@type":"WebPage","@id":"https:\/\/staging.inteus.es\/?page_id=29","url":"https:\/\/staging.inteus.es\/?page_id=29","name":"Servicios de consultor\u00eda - Inteus","isPartOf":{"@id":"https:\/\/staging.inteus.es\/#website"},"datePublished":"2023-09-21T07:32:07+00:00","dateModified":"2023-09-23T11:07:52+00:00","breadcrumb":{"@id":"https:\/\/staging.inteus.es\/?page_id=29#breadcrumb"},"inLanguage":"es","potentialAction":[{"@type":"ReadAction","target":["https:\/\/staging.inteus.es\/?page_id=29"]}]},{"@type":"BreadcrumbList","@id":"https:\/\/staging.inteus.es\/?page_id=29#breadcrumb","itemListElement":[{"@type":"ListItem","position":1,"name":"Portada","item":"https:\/\/staging.inteus.es\/"},{"@type":"ListItem","position":2,"name":"Servicios de consultor\u00eda"}]},{"@type":"WebSite","@id":"https:\/\/staging.inteus.es\/#website","url":"https:\/\/staging.inteus.es\/","name":"Inteus","description":"","publisher":{"@id":"https:\/\/staging.inteus.es\/#organization"},"potentialAction":[{"@type":"SearchAction","target":{"@type":"EntryPoint","urlTemplate":"https:\/\/staging.inteus.es\/?s={search_term_string}"},"query-input":"required name=search_term_string"}],"inLanguage":"es"},{"@type":"Organization","@id":"https:\/\/staging.inteus.es\/#organization","name":"Inteus","url":"https:\/\/staging.inteus.es\/","logo":{"@type":"ImageObject","inLanguage":"es","@id":"https:\/\/staging.inteus.es\/#\/schema\/logo\/image\/","url":"https:\/\/staging.inteus.es\/wp-content\/uploads\/2023\/09\/Inteus-new.png","contentUrl":"https:\/\/staging.inteus.es\/wp-content\/uploads\/2023\/09\/Inteus-new.png","width":750,"height":253,"caption":"Inteus"},"image":{"@id":"https:\/\/staging.inteus.es\/#\/schema\/logo\/image\/"}}]}},"_links":{"self":[{"href":"https:\/\/staging.inteus.es\/index.php?rest_route=\/wp\/v2\/pages\/29"}],"collection":[{"href":"https:\/\/staging.inteus.es\/index.php?rest_route=\/wp\/v2\/pages"}],"about":[{"href":"https:\/\/staging.inteus.es\/index.php?rest_route=\/wp\/v2\/types\/page"}],"author":[{"embeddable":true,"href":"https:\/\/staging.inteus.es\/index.php?rest_route=\/wp\/v2\/users\/1"}],"replies":[{"embeddable":true,"href":"https:\/\/staging.inteus.es\/index.php?rest_route=%2Fwp%2Fv2%2Fcomments&post=29"}],"version-history":[{"count":10,"href":"https:\/\/staging.inteus.es\/index.php?rest_route=\/wp\/v2\/pages\/29\/revisions"}],"predecessor-version":[{"id":362,"href":"https:\/\/staging.inteus.es\/index.php?rest_route=\/wp\/v2\/pages\/29\/revisions\/362"}],"wp:attachment":[{"href":"https:\/\/staging.inteus.es\/index.php?rest_route=%2Fwp%2Fv2%2Fmedia&parent=29"}],"curies":[{"name":"wp","href":"https:\/\/api.w.org\/{rel}","templated":true}]}}